{"id":2,"date":"2017-09-27T12:59:41","date_gmt":"2017-09-27T15:59:41","guid":{"rendered":"http:\/\/www.wpnux.godaddy.com\/personal-blog\/?page_id=2"},"modified":"2020-05-04T15:28:14","modified_gmt":"2020-05-04T18:28:14","slug":"sobre-mi","status":"publish","type":"page","link":"https:\/\/precisionit.com.ar\/blogs\/marianokovo\/sobre-mi\/","title":{"rendered":"Sobre m\u00ed"},"content":{"rendered":"<p>Visitas: 858<\/p><p>Analista de sistemas, trabajando en tecnolog\u00eda desde el a\u00f1o 1995, en la Ciudad Aut\u00f3noma de Buenos Aires.<\/p>\n<p>Me especialic\u00e9 en Bases de Datos Microsoft SQL Server desde la versi\u00f3n 6.5 hasta el d\u00eda de hoy, pasando por todas las versiones del producto y varios de sus motores .<\/p>\n<p>Mi pasi\u00f3n por esta Tecnolog\u00eda me llev\u00f3 desde mi primer trabajo como Administrador DBA hasta llegar a ser un colaborador dentro de Microsoft de Argentina &amp; Uruguay como especialista tecnico de SQL Server.<\/p>\n<p>Soy co-fundador de <a href=\"https:\/\/www.precisionit.com.ar\" target=\"_blank\" rel=\"noopener noreferrer\"><strong>Precision IT<\/strong><\/a>, <strong>una empresa de Tecnolog\u00eda con presencia en Argentina y Estados Unidos, <\/strong><strong>partner certificado en Microsoft, Citrix y Dell EMC.<\/strong><\/p>\n<p>Precision IT brinda servicios para plataformas de datos\u00a0<strong>Microsoft<\/strong>, soluciones de\u00a0hardware\u00a0<strong>Dell EMC<\/strong>, y tecnolog\u00edas de virtualizaci\u00f3n de servidores, conexi\u00f3n en red,\u00a0aplicaciones como servicio e inform\u00e1tica en la nube\u00a0<strong>Citrix<\/strong>\u00a0y Microsoft.<\/p>\n<p>Mi foco son las areas de Infraestructura, Arquitectura, Alta Disponibilidad y Disaster Recovery\u00a0 y Performance. Adicionalmente me reconozco un entusiasta de la plataforma Cloud de Microsoft Azure y las tecnolog\u00edas de plataforma de datos en la nube.<\/p>\n<p>En el a\u00f1o 2010 fui co-fundador del cap\u00edtulo PASS (Professional Association for SQL Server) de Argentina (SQLArgentina) y el cual represento en la actualidad.<\/p>\n<p>Desde el a\u00f1o 2018 y de forma he recibido el premio de Microsoft <strong>MVP en Data Platform\u00a0<\/strong>por mis distintos aportes a la comunidad y mis skills sobre la plataforma de datos.<\/p>\n<p><a href=\"https:\/\/mvp.microsoft.com\/en-us\/PublicProfile\/5003124\">https:\/\/mvp.microsoft.com\/en-us\/PublicProfile\/5003124<\/a><\/p>\n<p>Continuamente me encuentro participando en charlas t\u00e9cnicas para Microsoft, PASS, universidades, Microsoft User Group (MUG) y webcasts para la comunidad, presentando lanzamientos oficiales y workshops especializados para la comunidad, tanto en Latinoam\u00e9rica como en Estados Unidos.<\/p>\n\n\n<p><\/p>\n","protected":false},"excerpt":{"rendered":"<p>Visitas: 858 Analista de sistemas, trabajando en tecnolog\u00eda desde el a\u00f1o 1995, en la Ciudad Aut\u00f3noma de Buenos Aires. Me especialic\u00e9 en Bases de Datos Microsoft SQL Server desde la versi\u00f3n 6.5 hasta el d\u00eda de hoy, pasando por todas las versiones del producto y varios de sus motores . Mi pasi\u00f3n por esta Tecnolog\u00eda &hellip; <a href=\"https:\/\/precisionit.com.ar\/blogs\/marianokovo\/sobre-mi\/\" class=\"more-link\">Continuar leyendo<span class=\"screen-reader-text\"> &#8220;Sobre m\u00ed&#8221;<\/span><\/a><\/p>\n","protected":false},"author":1,"featured_media":0,"parent":0,"menu_order":0,"comment_status":"closed","ping_status":"closed","template":"","meta":{"footnotes":""},"_links":{"self":[{"href":"https:\/\/precisionit.com.ar\/blogs\/marianokovo\/wp-json\/wp\/v2\/pages\/2"}],"collection":[{"href":"https:\/\/precisionit.com.ar\/blogs\/marianokovo\/wp-json\/wp\/v2\/pages"}],"about":[{"href":"https:\/\/precisionit.com.ar\/blogs\/marianokovo\/wp-json\/wp\/v2\/types\/page"}],"author":[{"embeddable":true,"href":"https:\/\/precisionit.com.ar\/blogs\/marianokovo\/wp-json\/wp\/v2\/users\/1"}],"replies":[{"embeddable":true,"href":"https:\/\/precisionit.com.ar\/blogs\/marianokovo\/wp-json\/wp\/v2\/comments?post=2"}],"version-history":[{"count":3,"href":"https:\/\/precisionit.com.ar\/blogs\/marianokovo\/wp-json\/wp\/v2\/pages\/2\/revisions"}],"predecessor-version":[{"id":309,"href":"https:\/\/precisionit.com.ar\/blogs\/marianokovo\/wp-json\/wp\/v2\/pages\/2\/revisions\/309"}],"wp:attachment":[{"href":"https:\/\/precisionit.com.ar\/blogs\/marianokovo\/wp-json\/wp\/v2\/media?parent=2"}],"curies":[{"name":"wp","href":"https:\/\/api.w.org\/{rel}","templated":true}]}}